{"id":23,"date":"2024-04-09T07:49:58","date_gmt":"2024-04-09T07:49:58","guid":{"rendered":"http:\/\/aanestad-service.no\/?page_id=23"},"modified":"2024-11-08T10:48:21","modified_gmt":"2024-11-08T09:48:21","slug":"transportband","status":"publish","type":"page","link":"https:\/\/aanestad-service.no\/en\/produkter\/transportband\/","title":{"rendered":"Conveyor belt"},"content":{"rendered":"<p>[et_pb_section fb_built=&raquo;1&#8243; custom_padding_last_edited=&raquo;on|phone&raquo; _builder_version=&raquo;4.27.0&#8243; _module_preset=&raquo;default&raquo; background_color=&raquo;rgba(0,0,0,0.5)&raquo; background_color_gradient_direction=&raquo;60deg&raquo; background_color_gradient_start=&raquo;#192332&#8243; background_color_gradient_end=&raquo;rgba(0,0,0,0)&raquo; background_image=&raquo;https:\/\/aanestad-service.no\/wp-content\/uploads\/2024\/06\/Flexco_products_aanestad-service.jpg&raquo; background_blend=&raquo;overlay&raquo; custom_padding=&raquo;0px||0px||false|false&raquo; custom_padding_tablet=&raquo;||||false|false&raquo; custom_padding_phone=&raquo;0px||0px||false|false&raquo; background_last_edited=&raquo;on|tablet&raquo; background_position_tablet=&raquo;center_right&raquo; background_horizontal_offset_tablet=&raquo;40%&raquo; locked=&raquo;off&raquo; global_colors_info=&raquo;{}&raquo;][et_pb_row custom_padding_last_edited=&raquo;on|phone&raquo; _builder_version=&raquo;4.25.0&#8243; _module_preset=&raquo;default&raquo; custom_padding=&raquo;16vh||16vh||true|false&raquo; custom_padding_tablet=&raquo;6vh||5vh||false|false&raquo; custom_padding_phone=&raquo;9vh||8vh||false|false&raquo; global_colors_info=&raquo;{}&raquo;][et_pb_column type=&raquo;4_4&#8243; _builder_version=&raquo;4.16&#8243; _module_preset=&raquo;default&raquo; global_colors_info=&raquo;{}&raquo;][et_pb_text _builder_version=&raquo;4.25.0&#8243; _module_preset=&raquo;default&raquo; text_font=&raquo;|700|||||||&raquo; text_font_size=&raquo;40px&raquo; text_line_height=&raquo;1.6em&raquo; header_font=&raquo;|700|||||||&raquo; header_text_align=&raquo;left&raquo; header_text_color=&raquo;#FFFFFF&raquo; header_font_size=&raquo;50px&raquo; header_line_height=&raquo;1.2em&raquo; header_2_font=&raquo;Poppins|700||on|||||&raquo; header_2_text_color=&raquo;#000000&#8243; header_2_font_size=&raquo;40px&raquo; header_2_line_height=&raquo;1.4em&raquo; text_orientation=&raquo;center&raquo; max_width=&raquo;55%&raquo; max_width_tablet=&raquo;100%&raquo; max_width_phone=&raquo;100%&raquo; max_width_last_edited=&raquo;on|tablet&raquo; custom_margin=&raquo;0px||0px||false|false&raquo; custom_padding=&raquo;||0px||false|false&raquo; text_font_size_tablet=&raquo;30px&raquo; text_font_size_phone=&raquo;25px&raquo; text_font_size_last_edited=&raquo;on|phone&raquo; text_line_height_tablet=&raquo;1.6em&raquo; text_line_height_phone=&raquo;1.2em&raquo; text_line_height_last_edited=&raquo;on|phone&raquo; header_font_size_tablet=&raquo;40px&raquo; header_font_size_phone=&raquo;21px&raquo; header_font_size_last_edited=&raquo;on|phone&raquo; header_line_height_tablet=&raquo;1.2em&raquo; header_line_height_phone=&raquo;1.4em&raquo; header_line_height_last_edited=&raquo;on|phone&raquo; header_2_font_size_tablet=&raquo;40px&raquo; header_2_font_size_phone=&raquo;30px&raquo; header_2_font_size_last_edited=&raquo;on|phone&raquo; locked=&raquo;off&raquo; global_colors_info=&raquo;{}&raquo;]<\/p>\n<h1>Aanestad Service AS leverer transportb\u00e5nd til alle form\u00e5l<span style=\"color: #e94f56;\">.<\/span><\/h1>\n<p>[\/et_pb_text][et_pb_text disabled_on=&raquo;on|on|off&raquo; _builder_version=&raquo;4.25.0&#8243; _module_preset=&raquo;default&raquo; text_font=&raquo;|600|||||||&raquo; text_text_color=&raquo;rgba(255,255,255,0.9)&raquo; text_font_size=&raquo;18px&raquo; text_line_height=&raquo;1.6em&raquo; max_width=&raquo;55%&raquo; max_width_tablet=&raquo;85%&raquo; max_width_phone=&raquo;85%&raquo; max_width_last_edited=&raquo;on|tablet&raquo; custom_margin=&raquo;||30px||false|false&raquo; text_font_size_tablet=&raquo;18px&raquo; text_font_size_phone=&raquo;18px&raquo; text_font_size_last_edited=&raquo;on|phone&raquo; global_colors_info=&raquo;{}&raquo;]<\/p>\n<p>Aanestad Service driver service og vedlikehold p\u00e5 transport\u00f8rer og materialh\u00e5ndteringsutstyr til prosessindustrien. Vi skal v\u00e6re de mest fleksible og beste i markedet p\u00e5 \u00e5 levere akkurat det du og ditt firma trenger, n\u00e5r du trenger det!<\/p>\n<p>[\/et_pb_text][\/et_pb_column][\/et_pb_row][\/et_pb_section][et_pb_section fb_built=&raquo;1&#8243; custom_padding_last_edited=&raquo;on|phone&raquo; _builder_version=&raquo;4.25.0&#8243; _module_preset=&raquo;default&raquo; custom_padding=&raquo;7vh||8vh||false|false&raquo; custom_padding_tablet=&raquo;6vh||6vh||false|false&raquo; custom_padding_phone=&raquo;5vh||6vh||false|false&raquo; global_colors_info=&raquo;{}&raquo;][et_pb_row column_structure=&raquo;3_5,2_5&#8243; use_custom_gutter=&raquo;on&raquo; gutter_width=&raquo;4&#8243; _builder_version=&raquo;4.25.0&#8243; _module_preset=&raquo;default&raquo; custom_padding=&raquo;0px||0px|||&raquo; global_colors_info=&raquo;{}&raquo;][et_pb_column type=&raquo;3_5&#8243; _builder_version=&raquo;4.24.3&#8243; _module_preset=&raquo;default&raquo; global_colors_info=&raquo;{}&raquo;][et_pb_text _builder_version=&raquo;4.25.0&#8243; _module_preset=&raquo;default&raquo; header_font=&raquo;|700||on|||||&raquo; header_text_color=&raquo;#333333&#8243; header_font_size=&raquo;50px&raquo; header_line_height=&raquo;1.2em&raquo; header_2_font=&raquo;|700||on|||||&raquo; header_2_text_color=&raquo;#222222&#8243; header_2_font_size=&raquo;45px&raquo; header_2_line_height=&raquo;1.2em&raquo; custom_margin=&raquo;10px||0px||false|false&raquo; header_2_font_size_tablet=&raquo;38px&raquo; header_2_font_size_phone=&raquo;28px&raquo; header_2_font_size_last_edited=&raquo;on|phone&raquo; global_colors_info=&raquo;{}&raquo;]<\/p>\n<h2>Transportb\u00e5nd<span style=\"color: #e94f56;\">.<\/span><\/h2>\n<p>[\/et_pb_text][et_pb_text _builder_version=&raquo;4.25.0&#8243; _module_preset=&raquo;default&raquo; text_font=&raquo;|600|||||||&raquo; text_text_color=&raquo;#333333&#8243; text_font_size=&raquo;20px&raquo; text_line_height=&raquo;1.4em&raquo; custom_margin=&raquo;||0px||false|false&raquo; custom_padding=&raquo;||20px||false|false&raquo; global_colors_info=&raquo;{}&raquo;]<\/p>\n<p>Har du en transport\u00f8r? Vi har kunnskapen og utstyret til \u00e5 skj\u00f8te eller reparere den!<\/p>\n<p>[\/et_pb_text][et_pb_text _builder_version=&raquo;4.25.0&#8243; _module_preset=&raquo;default&raquo; text_font=&raquo;||||||||&raquo; text_text_color=&raquo;#333333&#8243; text_line_height=&raquo;1.6em&raquo; max_width=&raquo;95%&raquo; max_width_tablet=&raquo;95%&raquo; max_width_phone=&raquo;100%&raquo; max_width_last_edited=&raquo;on|phone&raquo; custom_margin=&raquo;||0px||false|false&raquo; custom_padding=&raquo;||35px||false|false&raquo; global_colors_info=&raquo;{}&raquo;]<\/p>\n<p>Aanestad Service leverer b\u00e5nd i alle lengder og bredder, samt ca 3000 meter b\u00e5nd p\u00e5 lager til enhver tid.<\/p>\n<p>Vi har lang erfaring med ulike typer transportb\u00e5nd og utf\u00f8rer service og skj\u00f8ting p\u00e5 alle typer b\u00e5nd. Skj\u00f8ting av st\u00e5lkordb\u00e5nd byr normalt p\u00e5 ekstraordin\u00e6re utfordringer og vi er en av f\u00e5 leverand\u00f8rer som utf\u00f8rer skj\u00f8ting av slike typer transportb\u00e5nd.<\/p>\n<p>Vi leverer ferdig vulket transportb\u00e5nd eller vi kan klargj\u00f8re det til montering hos deg som kunde. Kald- eller varm-vulk og \/ eller med mekanisk l\u00e5s.<\/p>\n<p><strong>Trenger du oljebestandige transportb\u00e5nd er dette ogs\u00e5 noe vi lagerf\u00f8rer.<\/strong><\/p>\n<p>[\/et_pb_text][et_pb_text _builder_version=&raquo;4.25.0&#8243; _module_preset=&raquo;default&raquo; header_font=&raquo;|700||on|||||&raquo; header_text_color=&raquo;#333333&#8243; header_font_size=&raquo;50px&raquo; header_line_height=&raquo;1.2em&raquo; header_2_font=&raquo;|700|||||||&raquo; header_2_text_color=&raquo;#222222&#8243; header_2_font_size=&raquo;35px&raquo; header_2_line_height=&raquo;1.2em&raquo; custom_margin=&raquo;10px||0px||false|false&raquo; custom_padding=&raquo;||5px||false|false&raquo; header_2_font_size_tablet=&raquo;35px&raquo; header_2_font_size_phone=&raquo;28px&raquo; header_2_font_size_last_edited=&raquo;on|phone&raquo; global_colors_info=&raquo;{}&raquo;]<\/p>\n<h2>Vi tar utfordringer p\u00e5 strak arm<span style=\"color: #e94f56;\">.<\/span><\/h2>\n<p>[\/et_pb_text][et_pb_text _builder_version=&raquo;4.25.0&#8243; _module_preset=&raquo;default&raquo; text_font=&raquo;||||||||&raquo; text_text_color=&raquo;#333333&#8243; text_line_height=&raquo;1.6em&raquo; header_2_font=&raquo;|600|||||||&raquo; header_2_font_size=&raquo;35px&raquo; header_2_line_height=&raquo;1.6em&raquo; max_width=&raquo;95%&raquo; max_width_tablet=&raquo;95%&raquo; max_width_phone=&raquo;100%&raquo; max_width_last_edited=&raquo;on|phone&raquo; custom_margin=&raquo;||0px||false|false&raquo; custom_padding=&raquo;||30px||false|false&raquo; custom_padding_tablet=&raquo;||30px||false|false&raquo; custom_padding_phone=&raquo;||25px||false|false&raquo; custom_padding_last_edited=&raquo;on|phone&raquo; global_colors_info=&raquo;{}&raquo;]<\/p>\n<p>V\u00e5re ansatte har lang erfaring og kompetanse for alle typer transportb\u00e5nd. <strong>Har du spesielle transport\u00f8rer som avviker fra standard<\/strong> eller andre utfordringer du ikke vet hvordan du skal l\u00f8se?<\/p>\n<p>Vi er l\u00f8sningsorienterte og tar utfordringer p\u00e5 strak arm! Aanestad Service produserer og leverer <strong>alle typer transportb\u00e5nd<\/strong> etter dine behov.<\/p>\n<p>Har du utfordringer med transportb\u00e5nd? <strong>Vi fikser det!<\/strong><\/p>\n<p>[\/et_pb_text][et_pb_button button_url=&raquo;@ET-DC@eyJkeW5hbWljIjp0cnVlLCJjb250ZW50IjoicG9zdF9saW5rX3VybF9wYWdlIiwic2V0dGluZ3MiOnsicG9zdF9pZCI6IjIxIn19@&raquo; button_text=&raquo;Ta kontakt&raquo; module_class=&raquo;button-one&raquo; _builder_version=&raquo;4.25.0&#8243; _dynamic_attributes=&raquo;button_url&raquo; _module_preset=&raquo;default&raquo; custom_button=&raquo;on&raquo; button_text_size=&raquo;15px&raquo; button_text_color=&raquo;#FFFFFF&raquo; button_bg_color=&raquo;#E3132F&raquo; button_border_width=&raquo;0px&raquo; button_border_radius=&raquo;0px&raquo; button_font=&raquo;|||on|||||&raquo; button_use_icon=&raquo;off&raquo; custom_padding=&raquo;15px|35px|15px|35px|true|true&raquo; box_shadow_style=&raquo;preset7&#8243; box_shadow_horizontal=&raquo;0px&raquo; box_shadow_vertical=&raquo;0px&raquo; global_colors_info=&raquo;{}&raquo; box_shadow_horizontal__hover_enabled=&raquo;on|hover&raquo; box_shadow_horizontal__hover=&raquo;200px&raquo; box_shadow_color__hover_enabled=&raquo;on|hover&raquo; box_shadow_color__hover=&raquo;#192332&#8243; button_bg_color__hover_enabled=&raquo;on|hover&raquo; button_bg_color__hover=&raquo;#E3132F&raquo;][\/et_pb_button][\/et_pb_column][et_pb_column type=&raquo;2_5&#8243; _builder_version=&raquo;4.24.3&#8243; _module_preset=&raquo;default&raquo; global_colors_info=&raquo;{}&raquo;][et_pb_image src=&raquo;https:\/\/aanestad-service.no\/wp-content\/uploads\/2024\/11\/PHOTO-2024-09-24-06-35-36.jpg&raquo; title_text=&raquo;PHOTO-2024-09-24-06-35-36&#8243; disabled_on=&raquo;on|on|off&raquo; _builder_version=&raquo;4.27.0&#8243; _module_preset=&raquo;default&raquo; custom_margin=&raquo;||40px|||&raquo; custom_margin_tablet=&raquo;||40px|||&raquo; custom_margin_phone=&raquo;15px||||false|false&raquo; custom_margin_last_edited=&raquo;on|phone&raquo; global_colors_info=&raquo;{}&raquo;][\/et_pb_image][et_pb_image src=&raquo;https:\/\/aanestad-service.no\/wp-content\/uploads\/2024\/11\/PHOTO-2024-09-24-06-35-36.jpg&raquo; title_text=&raquo;PHOTO-2024-09-24-06-35-36&#8243; disabled_on=&raquo;off|off|on&raquo; _builder_version=&raquo;4.27.0&#8243; _module_preset=&raquo;default&raquo; global_colors_info=&raquo;{}&raquo;][\/et_pb_image][et_pb_blurb use_icon=&raquo;on&raquo; font_icon=&raquo;&#xe092;||divi||400&#8243; icon_color=&raquo;#222222&#8243; image_icon_background_color=&raquo;RGBA(255,255,255,0)&raquo; image_icon_width=&raquo;21px&raquo; content_max_width=&raquo;350px&raquo; content_max_width_tablet=&raquo;400px&raquo; content_max_width_phone=&raquo;&raquo; content_max_width_last_edited=&raquo;on|desktop&raquo; _builder_version=&raquo;4.25.0&#8243; _module_preset=&raquo;default&raquo; body_text_align=&raquo;center&raquo; body_text_color=&raquo;#333333&#8243; body_line_height=&raquo;1.6em&raquo; image_icon_custom_margin=&raquo;||0px||false|false&raquo; image_icon_custom_padding=&raquo;||0px||false|false&raquo; custom_padding=&raquo;30px|20px|30px|20px|false|true&raquo; link_option_url=&raquo;\/uploads\/2024\/04\/Grunnleggende-om-transportband.pdf&raquo; link_option_url_new_window=&raquo;on&raquo; border_width_all=&raquo;1px&raquo; border_color_all=&raquo;#E3132F&raquo; global_colors_info=&raquo;{}&raquo;]<\/p>\n<p>Vil du lese deg litt opp p\u00e5 grunnleggende informasjon om transportb\u00e5nd, historie og fakta?<\/p>\n<p><a href=\"\/wp-content\/uploads\/2024\/04\/Grunnleggende-om-transportband.pdf\"><strong>Last ned dokument<\/strong><\/a><\/p>\n<p>[\/et_pb_blurb][\/et_pb_column][\/et_pb_row][\/et_pb_section][et_pb_section fb_built=&raquo;1&#8243; custom_padding_last_edited=&raquo;on|phone&raquo; _builder_version=&raquo;4.27.0&#8243; _module_preset=&raquo;default&raquo; background_color=&raquo;#F4F4F4&#8243; custom_padding=&raquo;7vh||6vh||false|false&raquo; custom_padding_tablet=&raquo;7vh||6vh||false|false&raquo; custom_padding_phone=&raquo;3vh||5vh||false|false&raquo; hover_enabled=&raquo;0&#8243; global_colors_info=&raquo;{}&raquo; disabled_on=&raquo;on|on|on&raquo; disabled=&raquo;on&raquo; sticky_enabled=&raquo;0&#8243;][et_pb_row column_structure=&raquo;1_4,3_4&#8243; _builder_version=&raquo;4.25.0&#8243; _module_preset=&raquo;default&raquo; custom_padding=&raquo;0px|||||&raquo; global_colors_info=&raquo;{}&raquo; custom_css_main_element_last_edited=&raquo;on|phone&raquo; custom_css_main_element_tablet=&raquo;display: flex;&raquo; custom_css_main_element_phone=&raquo;display: block;&raquo;][et_pb_column type=&raquo;1_4&#8243; _builder_version=&raquo;4.24.3&#8243; _module_preset=&raquo;default&raquo; global_colors_info=&raquo;{}&raquo;][et_pb_image src=&raquo;http:\/\/aanestad-service.no\/wp-content\/uploads\/2024\/05\/Polymax-transportband-samlingsmetoder.png&raquo; title_text=&raquo;transportba\u030and-samlingsmetoder&raquo; align=&raquo;center&raquo; align_tablet=&raquo;left&raquo; align_phone=&raquo;center&raquo; align_last_edited=&raquo;on|phone&raquo; _builder_version=&raquo;4.25.0&#8243; _module_preset=&raquo;default&raquo; max_width=&raquo;70%&raquo; custom_margin=&raquo;3px|||||&raquo; global_colors_info=&raquo;{}&raquo;][\/et_pb_image][\/et_pb_column][et_pb_column type=&raquo;3_4&#8243; _builder_version=&raquo;4.24.3&#8243; _module_preset=&raquo;default&raquo; global_colors_info=&raquo;{}&raquo;][et_pb_text _builder_version=&raquo;4.25.0&#8243; _module_preset=&raquo;default&raquo; header_font=&raquo;|700||on|||||&raquo; header_text_color=&raquo;#333333&#8243; header_font_size=&raquo;50px&raquo; header_line_height=&raquo;1.2em&raquo; header_2_font=&raquo;|700|||||||&raquo; header_2_text_color=&raquo;#222222&#8243; header_2_font_size=&raquo;40px&raquo; header_2_line_height=&raquo;1.4em&raquo; custom_margin=&raquo;25px||0px||false|false&raquo; custom_margin_tablet=&raquo;10px||0px||false|false&raquo; custom_margin_phone=&raquo;10px||0px||false|false&raquo; custom_margin_last_edited=&raquo;on|tablet&raquo; header_2_font_size_tablet=&raquo;30px&raquo; header_2_font_size_phone=&raquo;28px&raquo; header_2_font_size_last_edited=&raquo;on|tablet&raquo; header_2_line_height_tablet=&raquo;1.3em&raquo; header_2_line_height_phone=&raquo;1.3em&raquo; header_2_line_height_last_edited=&raquo;on|phone&raquo; global_colors_info=&raquo;{}&raquo;]<\/p>\n<h2>Transportb\u00e5nd samlingsmetoder<span style=\"color: #e94f56;\">.<\/span><\/h2>\n<p>[\/et_pb_text][et_pb_text _builder_version=&raquo;4.25.0&#8243; _module_preset=&raquo;default&raquo; text_font=&raquo;|600|||||||&raquo; text_text_color=&raquo;#333333&#8243; text_font_size=&raquo;20px&raquo; text_line_height=&raquo;1.6em&raquo; custom_margin=&raquo;||0px||false|false&raquo; custom_padding=&raquo;||20px||false|false&raquo; text_font_size_tablet=&raquo;18px&raquo; text_font_size_phone=&raquo;18px&raquo; text_font_size_last_edited=&raquo;on|tablet&raquo; global_colors_info=&raquo;{}&raquo;]<\/p>\n<p>Varm montering av transportb\u00e5nd er alltid \u00e5 foretrekke, da dette gir den<br \/>absolutt sterkeste l\u00f8sningen.<\/p>\n<p>[\/et_pb_text][et_pb_text _builder_version=&raquo;4.25.0&#8243; _module_preset=&raquo;default&raquo; text_font=&raquo;||||||||&raquo; text_text_color=&raquo;#333333&#8243; text_line_height=&raquo;1.6em&raquo; max_width=&raquo;750px&raquo; custom_margin=&raquo;||0px||false|false&raquo; custom_padding=&raquo;||18px||false|false&raquo; global_colors_info=&raquo;{}&raquo;]<\/p>\n<p><strong>Enkel finger montering<\/strong><br \/>benyttes p\u00e5 1-lags b\u00e5nd og spesial konstruktsjoner og sikrer maksimum fleksibilitet uten tykkelsesforskjeller i samlingsomr\u00e5det.<\/p>\n<p>[\/et_pb_text][et_pb_text _builder_version=&raquo;4.25.0&#8243; _module_preset=&raquo;default&raquo; text_font=&raquo;||||||||&raquo; text_text_color=&raquo;#333333&#8243; text_line_height=&raquo;1.6em&raquo; max_width=&raquo;750px&raquo; custom_margin=&raquo;0px||0px||false|false&raquo; custom_padding=&raquo;||18px||false|false&raquo; global_colors_info=&raquo;{}&raquo;]<\/p>\n<p><strong>Dobbelt finger samling<\/strong><br \/>Den sterkeste og mest fleksible samling som benyttes p\u00e5 2 og 3-lags b\u00e5nd.<\/p>\n<p>[\/et_pb_text][et_pb_text _builder_version=&raquo;4.25.0&#8243; _module_preset=&raquo;default&raquo; text_font=&raquo;||||||||&raquo; text_text_color=&raquo;#333333&#8243; text_line_height=&raquo;1.6em&raquo; max_width=&raquo;750px&raquo; custom_margin=&raquo;0px||0px||false|false&raquo; custom_padding=&raquo;||18px||false|false&raquo; global_colors_info=&raquo;{}&raquo;]<\/p>\n<p><strong>Overlappingsmontering<\/strong><br \/>brukes hovedsakelig til leddede transport\u00f8rer, spesielt 2 og 3-lags b\u00e5nd. B\u00e5ndet monteres, s\u00e5 samlingen er i medl\u00f8p til skrapere og lignende??<\/p>\n<p>[\/et_pb_text][et_pb_text _builder_version=&raquo;4.25.0&#8243; _module_preset=&raquo;default&raquo; text_font=&raquo;||||||||&raquo; text_text_color=&raquo;#333333&#8243; text_line_height=&raquo;1.6em&raquo; max_width=&raquo;750px&raquo; custom_margin=&raquo;||0px||false|false&raquo; custom_padding=&raquo;||30px||false|false&raquo; global_colors_info=&raquo;{}&raquo;]<\/p>\n<p><strong>Mekanisk montering<\/strong> er den enkleste endel\u00f8se samlingen av transportb\u00e5nd. Mekaniske beltesamlere kan leveres i rustfri, antimagnetisk versjon. Mekaniske beltesamlere betyr en n\u00f8dvendig \u00f8kning av trommeldiametrene p\u00e5 ca. 50%.<\/p>\n<p>[\/et_pb_text][\/et_pb_column][\/et_pb_row][\/et_pb_section]<\/p>\n","protected":false},"excerpt":{"rendered":"<p>Aanestad Service AS leverer transportb\u00e5nd til alle form\u00e5l.Aanestad Service driver service og vedlikehold p\u00e5 transport\u00f8rer og materialh\u00e5ndteringsutstyr til prosessindustrien. Vi skal v\u00e6re de mest fleksible og beste i markedet p\u00e5 \u00e5 levere akkurat det du og ditt firma trenger, n\u00e5r du trenger det!Transportb\u00e5nd.Har du en transport\u00f8r? Vi har kunnskapen og utstyret til \u00e5 skj\u00f8te eller [&hellip;]<\/p>\n","protected":false},"author":1,"featured_media":0,"parent":19,"menu_order":0,"comment_status":"closed","ping_status":"closed","template":"","meta":{"_et_pb_use_builder":"on","_et_pb_old_content":"<!-- wp:divi\/placeholder \/-->","_et_gb_content_width":"","footnotes":""},"dipi_cpt_category":[],"class_list":["post-23","page","type-page","status-publish","hentry"],"yoast_head":"<!-- This site is optimized with the Yoast SEO plugin v27.2 - https:\/\/yoast.com\/product\/yoast-seo-wordpress\/ -->\n<title>Transportb\u00e5nd - Aanestad Service<\/title>\n<meta name=\"robots\" content=\"index, follow, max-snippet:-1, max-image-preview:large, max-video-preview:-1\" \/>\n<link rel=\"canonical\" href=\"https:\/\/aanestad-service.no\/en\/produkter\/transportband\/\" \/>\n<meta property=\"og:locale\" content=\"en_US\" \/>\n<meta property=\"og:type\" content=\"article\" \/>\n<meta property=\"og:title\" content=\"Transportb\u00e5nd - Aanestad Service\" \/>\n<meta property=\"og:description\" content=\"Aanestad Service AS leverer transportb\u00e5nd til alle form\u00e5l.Aanestad Service driver service og vedlikehold p\u00e5 transport\u00f8rer og materialh\u00e5ndteringsutstyr til prosessindustrien. Vi skal v\u00e6re de mest fleksible og beste i markedet p\u00e5 \u00e5 levere akkurat det du og ditt firma trenger, n\u00e5r du trenger det!Transportb\u00e5nd.Har du en transport\u00f8r? Vi har kunnskapen og utstyret til \u00e5 skj\u00f8te eller [&hellip;]\" \/>\n<meta property=\"og:url\" content=\"https:\/\/aanestad-service.no\/en\/produkter\/transportband\/\" \/>\n<meta property=\"og:site_name\" content=\"Aanestad Service\" \/>\n<meta property=\"article:modified_time\" content=\"2024-11-08T09:48:21+00:00\" \/>\n<meta name=\"twitter:card\" content=\"summary_large_image\" \/>\n<meta name=\"twitter:label1\" content=\"Est. reading time\" \/>\n\t<meta name=\"twitter:data1\" content=\"10 minutes\" \/>\n<script type=\"application\/ld+json\" class=\"yoast-schema-graph\">{\"@context\":\"https:\/\/schema.org\",\"@graph\":[{\"@type\":\"WebPage\",\"@id\":\"https:\/\/aanestad-service.no\/produkter\/transportband\/\",\"url\":\"https:\/\/aanestad-service.no\/produkter\/transportband\/\",\"name\":\"Transportb\u00e5nd - Aanestad Service\",\"isPartOf\":{\"@id\":\"https:\/\/aanestad-service.no\/#website\"},\"datePublished\":\"2024-04-09T07:49:58+00:00\",\"dateModified\":\"2024-11-08T09:48:21+00:00\",\"breadcrumb\":{\"@id\":\"https:\/\/aanestad-service.no\/produkter\/transportband\/#breadcrumb\"},\"inLanguage\":\"en-US\",\"potentialAction\":[{\"@type\":\"ReadAction\",\"target\":[\"https:\/\/aanestad-service.no\/produkter\/transportband\/\"]}]},{\"@type\":\"BreadcrumbList\",\"@id\":\"https:\/\/aanestad-service.no\/produkter\/transportband\/#breadcrumb\",\"itemListElement\":[{\"@type\":\"ListItem\",\"position\":1,\"name\":\"Hjem\",\"item\":\"https:\/\/aanestad-service.no\/\"},{\"@type\":\"ListItem\",\"position\":2,\"name\":\"Produkter\",\"item\":\"https:\/\/aanestad-service.no\/produkter\/\"},{\"@type\":\"ListItem\",\"position\":3,\"name\":\"Transportb\u00e5nd\"}]},{\"@type\":\"WebSite\",\"@id\":\"https:\/\/aanestad-service.no\/#website\",\"url\":\"https:\/\/aanestad-service.no\/\",\"name\":\"Aanestad Service\",\"description\":\"Best p\u00e5 vulking og transportb\u00e5nd!\",\"potentialAction\":[{\"@type\":\"SearchAction\",\"target\":{\"@type\":\"EntryPoint\",\"urlTemplate\":\"https:\/\/aanestad-service.no\/?s={search_term_string}\"},\"query-input\":{\"@type\":\"PropertyValueSpecification\",\"valueRequired\":true,\"valueName\":\"search_term_string\"}}],\"inLanguage\":\"en-US\"}]}<\/script>\n<!-- \/ Yoast SEO plugin. -->","yoast_head_json":{"title":"Transportb\u00e5nd - Aanestad Service","robots":{"index":"index","follow":"follow","max-snippet":"max-snippet:-1","max-image-preview":"max-image-preview:large","max-video-preview":"max-video-preview:-1"},"canonical":"https:\/\/aanestad-service.no\/en\/produkter\/transportband\/","og_locale":"en_US","og_type":"article","og_title":"Transportb\u00e5nd - Aanestad Service","og_description":"Aanestad Service AS leverer transportb\u00e5nd til alle form\u00e5l.Aanestad Service driver service og vedlikehold p\u00e5 transport\u00f8rer og materialh\u00e5ndteringsutstyr til prosessindustrien. Vi skal v\u00e6re de mest fleksible og beste i markedet p\u00e5 \u00e5 levere akkurat det du og ditt firma trenger, n\u00e5r du trenger det!Transportb\u00e5nd.Har du en transport\u00f8r? Vi har kunnskapen og utstyret til \u00e5 skj\u00f8te eller [&hellip;]","og_url":"https:\/\/aanestad-service.no\/en\/produkter\/transportband\/","og_site_name":"Aanestad Service","article_modified_time":"2024-11-08T09:48:21+00:00","twitter_card":"summary_large_image","twitter_misc":{"Est. reading time":"10 minutes"},"schema":{"@context":"https:\/\/schema.org","@graph":[{"@type":"WebPage","@id":"https:\/\/aanestad-service.no\/produkter\/transportband\/","url":"https:\/\/aanestad-service.no\/produkter\/transportband\/","name":"Transportb\u00e5nd - Aanestad Service","isPartOf":{"@id":"https:\/\/aanestad-service.no\/#website"},"datePublished":"2024-04-09T07:49:58+00:00","dateModified":"2024-11-08T09:48:21+00:00","breadcrumb":{"@id":"https:\/\/aanestad-service.no\/produkter\/transportband\/#breadcrumb"},"inLanguage":"en-US","potentialAction":[{"@type":"ReadAction","target":["https:\/\/aanestad-service.no\/produkter\/transportband\/"]}]},{"@type":"BreadcrumbList","@id":"https:\/\/aanestad-service.no\/produkter\/transportband\/#breadcrumb","itemListElement":[{"@type":"ListItem","position":1,"name":"Hjem","item":"https:\/\/aanestad-service.no\/"},{"@type":"ListItem","position":2,"name":"Produkter","item":"https:\/\/aanestad-service.no\/produkter\/"},{"@type":"ListItem","position":3,"name":"Transportb\u00e5nd"}]},{"@type":"WebSite","@id":"https:\/\/aanestad-service.no\/#website","url":"https:\/\/aanestad-service.no\/","name":"Aanestad Service","description":"Best in vulcanization and conveyor belts!","potentialAction":[{"@type":"SearchAction","target":{"@type":"EntryPoint","urlTemplate":"https:\/\/aanestad-service.no\/?s={search_term_string}"},"query-input":{"@type":"PropertyValueSpecification","valueRequired":true,"valueName":"search_term_string"}}],"inLanguage":"en-US"}]}},"_links":{"self":[{"href":"https:\/\/aanestad-service.no\/en\/wp-json\/wp\/v2\/pages\/23","targetHints":{"allow":["GET"]}}],"collection":[{"href":"https:\/\/aanestad-service.no\/en\/wp-json\/wp\/v2\/pages"}],"about":[{"href":"https:\/\/aanestad-service.no\/en\/wp-json\/wp\/v2\/types\/page"}],"author":[{"embeddable":true,"href":"https:\/\/aanestad-service.no\/en\/wp-json\/wp\/v2\/users\/1"}],"replies":[{"embeddable":true,"href":"https:\/\/aanestad-service.no\/en\/wp-json\/wp\/v2\/comments?post=23"}],"version-history":[{"count":0,"href":"https:\/\/aanestad-service.no\/en\/wp-json\/wp\/v2\/pages\/23\/revisions"}],"up":[{"embeddable":true,"href":"https:\/\/aanestad-service.no\/en\/wp-json\/wp\/v2\/pages\/19"}],"wp:attachment":[{"href":"https:\/\/aanestad-service.no\/en\/wp-json\/wp\/v2\/media?parent=23"}],"wp:term":[{"taxonomy":"dipi_cpt_category","embeddable":true,"href":"https:\/\/aanestad-service.no\/en\/wp-json\/wp\/v2\/dipi_cpt_category?post=23"}],"curies":[{"name":"wp","href":"https:\/\/api.w.org\/{rel}","templated":true}]}}