{"id":320,"date":"2024-04-09T14:33:43","date_gmt":"2024-04-09T14:33:43","guid":{"rendered":"http:\/\/aanestad-service.no\/?page_id=320"},"modified":"2024-06-18T13:00:38","modified_gmt":"2024-06-18T11:00:38","slug":"maq-conveyors","status":"publish","type":"page","link":"https:\/\/aanestad-service.no\/en\/leverandorer\/maq-conveyors\/","title":{"rendered":"MAQ Conveyors"},"content":{"rendered":"<p>[et_pb_section fb_built=&raquo;1&#8243; custom_padding_last_edited=&raquo;on|phone&raquo; _builder_version=&raquo;4.24.3&#8243; _module_preset=&raquo;default&raquo; background_enable_color=&raquo;off&raquo; background_color_gradient_direction=&raquo;60deg&raquo; background_color_gradient_start=&raquo;#192332&#8243; background_color_gradient_end=&raquo;rgba(0,0,0,0)&raquo; background_image=&raquo;http:\/\/aanestad-service.no\/wp-content\/uploads\/2024\/04\/Hero.jpg&raquo; custom_padding=&raquo;0px||0px||false|false&raquo; custom_padding_tablet=&raquo;||||false|false&raquo; custom_padding_phone=&raquo;60px||100px||false|false&raquo; global_colors_info=&raquo;{}&raquo;][et_pb_row column_structure=&raquo;3_5,2_5&#8243; make_equal=&raquo;on&raquo; custom_padding_last_edited=&raquo;on|phone&raquo; _builder_version=&raquo;4.24.3&#8243; _module_preset=&raquo;default&raquo; width=&raquo;100%&raquo; max_width=&raquo;100%&raquo; custom_margin=&raquo;||||false|false&raquo; custom_padding=&raquo;20vh||20vh|25vw|true|false&raquo; custom_padding_tablet=&raquo;5vh||5vh||true|false&raquo; custom_padding_phone=&raquo;2vh||2vh||true|false&raquo; global_colors_info=&raquo;{}&raquo;][et_pb_column type=&raquo;3_5&#8243; _builder_version=&raquo;4.16&#8243; _module_preset=&raquo;default&raquo; global_colors_info=&raquo;{}&raquo;][et_pb_text _builder_version=&raquo;4.24.3&#8243; _module_preset=&raquo;default&raquo; header_font=&raquo;|700||on|||||&raquo; header_text_color=&raquo;#FFFFFF&raquo; header_font_size=&raquo;50px&raquo; header_line_height=&raquo;1.2em&raquo; header_2_font=&raquo;Poppins|700||on|||||&raquo; header_2_text_color=&raquo;#000000&#8243; header_2_font_size=&raquo;40px&raquo; header_2_line_height=&raquo;1.4em&raquo; custom_margin=&raquo;||0px||false|false&raquo; custom_padding=&raquo;||5px||false|false&raquo; header_2_font_size_tablet=&raquo;40px&raquo; header_2_font_size_phone=&raquo;30px&raquo; header_2_font_size_last_edited=&raquo;on|phone&raquo; global_colors_info=&raquo;{}&raquo;]<\/p>\n<h1>MAQ Conveyors<span style=\"color: #e94f56;\">.<\/span><\/h1>\n<p>[\/et_pb_text][et_pb_text _builder_version=&raquo;4.24.3&#8243; _module_preset=&raquo;default&raquo; text_font=&raquo;|600|||||||&raquo; text_text_color=&raquo;rgba(255,255,255,0.9)&raquo; text_font_size=&raquo;18px&raquo; text_line_height=&raquo;1.5em&raquo; max_width=&raquo;50%&raquo; custom_margin=&raquo;||30px||false|false&raquo; global_colors_info=&raquo;{}&raquo;]<\/p>\n<p>Maquiaridos S.L. har som sin hoved aktivitet produksjon av transportb\u00e5nd og har i 2016 innledet et samarbeid med Aanestad Service i Stavanger som forhandler av MAQconveyor i Norge.<\/p>\n<p>[\/et_pb_text][\/et_pb_column][et_pb_column type=&raquo;2_5&#8243; _builder_version=&raquo;4.24.3&#8243; _module_preset=&raquo;default&raquo; background_image=&raquo;http:\/\/aanestad-service.no\/wp-content\/uploads\/2024\/04\/Hero-pil-detalj.svg&raquo; background_size=&raquo;contain&raquo; background_position=&raquo;center_right&raquo; background_blend=&raquo;overlay&raquo; global_colors_info=&raquo;{}&raquo;][\/et_pb_column][\/et_pb_row][\/et_pb_section][et_pb_section fb_built=&raquo;1&#8243; custom_padding_last_edited=&raquo;on|phone&raquo; _builder_version=&raquo;4.25.0&#8243; _module_preset=&raquo;default&raquo; custom_padding=&raquo;8vh||8vh||false|false&raquo; custom_padding_tablet=&raquo;7vh||||false|false&raquo; custom_padding_phone=&raquo;6vh||6vh||false|false&raquo; global_colors_info=&raquo;{}&raquo;][et_pb_row column_structure=&raquo;3_5,2_5&#8243; use_custom_gutter=&raquo;on&raquo; _builder_version=&raquo;4.24.3&#8243; _module_preset=&raquo;default&raquo; custom_padding=&raquo;0px||0px|||&raquo; global_colors_info=&raquo;{}&raquo;][et_pb_column type=&raquo;3_5&#8243; _builder_version=&raquo;4.24.3&#8243; _module_preset=&raquo;default&raquo; global_colors_info=&raquo;{}&raquo;][et_pb_text _builder_version=&raquo;4.24.3&#8243; _module_preset=&raquo;default&raquo; text_font=&raquo;Poppins|700||on|||||&raquo; text_text_color=&raquo;#FFFFFF&raquo; text_font_size=&raquo;55px&raquo; text_line_height=&raquo;1.5em&raquo; header_2_font=&raquo;|700|||||||&raquo; header_2_text_color=&raquo;#222222&#8243; header_2_font_size=&raquo;45px&raquo; max_width=&raquo;100%&raquo; module_alignment=&raquo;left&raquo; custom_margin=&raquo;||0px||false|false&raquo; custom_padding=&raquo;||5px||false|false&raquo; text_font_size_tablet=&raquo;55px&raquo; text_font_size_phone=&raquo;35px&raquo; text_font_size_last_edited=&raquo;on|phone&raquo; global_colors_info=&raquo;{}&raquo;]<\/p>\n<h2>MAQUIARIDOS<span style=\"color: #e94f56;\">.<\/span><\/h2>\n<p>[\/et_pb_text][et_pb_text _builder_version=&raquo;4.25.0&#8243; _module_preset=&raquo;default&raquo; text_font=&raquo;|600|||||||&raquo; text_text_color=&raquo;#333333&#8243; text_font_size=&raquo;20px&raquo; text_line_height=&raquo;1.5em&raquo; max_width=&raquo;720px&raquo; custom_margin=&raquo;5px||14px||false|false&raquo; hover_enabled=&raquo;0&#8243; global_colors_info=&raquo;{}&raquo; sticky_enabled=&raquo;0&#8243;]<\/p>\n<p>Maquiaridos S.L. har som sin hoved aktivitet produksjon av transportb\u00e5nd og har i 2016 innledet et samarbeid med Aanestad Service i Stavanger som forhandler av MAQconveyor i Norge.<\/p>\n<p>[\/et_pb_text][et_pb_text _builder_version=&raquo;4.24.3&#8243; _module_preset=&raquo;default&raquo; text_font=&raquo;||||||||&raquo; text_text_color=&raquo;#333333&#8243; text_line_height=&raquo;1.6em&raquo; max_width=&raquo;750px&raquo; custom_margin=&raquo;||0px||false|false&raquo; custom_padding=&raquo;||20px||false|false&raquo; global_colors_info=&raquo;{}&raquo;]<\/p>\n<p>Produksjonslokalene til Maquaridos ligger i Oropesa, Toledo ca 1,5 timer kj\u00f8ring fra Madrid. Her har Maquaridos et tomteareal p\u00e5 55000 kvadratmeter hvor av 4450 kvadratmeter er produksjonslokale. De resterende 50000 er lager for modultransport\u00f8ren.<\/p>\n<p>Etter foresp\u00f8rsel fra kunden, arbeider Maqaridos tekniske avdeling med implementering av transport\u00f8rer i tegningene av anlegg og design for s\u00e5 \u00e5 beregne kapasiteter, underst\u00f8ttelser og fundamentlaster.<\/p>\n<p>Resultatet av satsing og relasjonsbygging, direkte til kunder og i samarbeid med forhandlere er at land som Chile, Frankrike, Kamerun, Guatemala og Norge for \u00e5 nevne noen, i dag har mange MAQconveyors transport\u00f8rer i sine anlegg.<\/p>\n<p>[\/et_pb_text][et_pb_blurb use_icon=&raquo;on&raquo; font_icon=&raquo;&#x45;||divi||400&#8243; image_icon_background_color=&raquo;RGBA(255,255,255,0)&raquo; icon_placement=&raquo;left&raquo; image_icon_width=&raquo;22px&raquo; content_max_width=&raquo;100%&raquo; _builder_version=&raquo;4.25.0&#8243; _dynamic_attributes=&raquo;link_option_url&raquo; _module_preset=&raquo;default&raquo; body_font=&raquo;|700|||||||&raquo; body_line_height=&raquo;1.4em&raquo; image_icon_custom_margin=&raquo;|0px||10px|false|false&raquo; image_icon_custom_padding=&raquo;|0px|||false|false&raquo; module_alignment=&raquo;left&raquo; link_option_url=&raquo;@ET-DC@eyJkeW5hbWljIjp0cnVlLCJjb250ZW50IjoicG9zdF9saW5rX3VybF9wYWdlIiwic2V0dGluZ3MiOnsicG9zdF9pZCI6IjMyIn19@&raquo; hover_enabled=&raquo;0&#8243; global_colors_info=&raquo;{}&raquo; custom_margin=&raquo;5px||||false|false&raquo; sticky_enabled=&raquo;0&#8243;]<\/p>\n<p>Se alle v\u00e5re leverand\u00f8rer<\/p>\n<p>[\/et_pb_blurb][\/et_pb_column][et_pb_column type=&raquo;2_5&#8243; _builder_version=&raquo;4.24.3&#8243; _module_preset=&raquo;default&raquo; global_colors_info=&raquo;{}&raquo;][et_pb_video src=&raquo;https:\/\/youtu.be\/rl9UVPXxd80?si=9o_IXhjwqiQ9XAw4&#8243; _builder_version=&raquo;4.25.0&#8243; _module_preset=&raquo;default&raquo; custom_padding=&raquo;5px||||false|false&raquo; global_colors_info=&raquo;{}&raquo;][\/et_pb_video][et_pb_text _builder_version=&raquo;4.25.0&#8243; _module_preset=&raquo;default&raquo; text_font=&raquo;|600|||||||&raquo; text_font_size=&raquo;18px&raquo; text_line_height=&raquo;1.6em&raquo; background_color=&raquo;#F4F4F4&#8243; custom_margin=&raquo;||12px|||&raquo; custom_padding=&raquo;5px|30px|5px||true|false&raquo; hover_enabled=&raquo;0&#8243; global_colors_info=&raquo;{}&raquo; text_orientation=&raquo;right&raquo; custom_padding_last_edited=&raquo;on|phone&raquo; sticky_enabled=&raquo;0&#8243; custom_padding_tablet=&raquo;5px|30px|5px||true|false&raquo; custom_padding_phone=&raquo;5px|30px|5px||true|false&raquo;]<\/p>\n<p>Dokumenter<\/p>\n<p>[\/et_pb_text][et_pb_blurb use_icon=&raquo;on&raquo; font_icon=&raquo;&#xe092;||divi||400&#8243; image_icon_background_color=&raquo;RGBA(255,255,255,0)&raquo; icon_placement=&raquo;left&raquo; image_icon_width=&raquo;15px&raquo; content_max_width=&raquo;100%&raquo; _builder_version=&raquo;4.25.0&#8243; _module_preset=&raquo;default&raquo; body_font=&raquo;||||||||&raquo; body_line_height=&raquo;1.1em&raquo; image_icon_custom_margin=&raquo;|0px||10px|false|false&raquo; image_icon_custom_padding=&raquo;|0px|||false|false&raquo; max_height=&raquo;25px&raquo; custom_margin=&raquo;0px||12px||false|false&raquo; custom_padding=&raquo;||0px||false|false&raquo; link_option_url=&raquo;@ET-DC@eyJkeW5hbWljIjp0cnVlLCJjb250ZW50IjoicG9zdF9saW5rX3VybF9hdHRhY2htZW50Iiwic2V0dGluZ3MiOnsicG9zdF9pZCI6IjQ5NiJ9fQ==@&raquo; hover_enabled=&raquo;0&#8243; custom_css_blurb_content=&raquo;display: flex;||flex-direction: row-reverse;&raquo; border_width_bottom=&raquo;1px&raquo; border_color_bottom=&raquo;#cccccc&raquo; global_colors_info=&raquo;{}&raquo; custom_css_blurb_image_last_edited=&raquo;on|phone&raquo; _dynamic_attributes=&raquo;link_option_url&raquo; url_new_window=&raquo;on&raquo; sticky_enabled=&raquo;0&#8243;]<\/p>\n<p>MaqConveyors katalog_NO<\/p>\n<p>[\/et_pb_blurb][et_pb_blurb use_icon=&raquo;on&raquo; font_icon=&raquo;&#xe092;||divi||400&#8243; image_icon_background_color=&raquo;RGBA(255,255,255,0)&raquo; icon_placement=&raquo;left&raquo; image_icon_width=&raquo;15px&raquo; _builder_version=&raquo;4.25.0&#8243; _module_preset=&raquo;default&raquo; body_font=&raquo;||||||||&raquo; body_line_height=&raquo;1.1em&raquo; image_icon_custom_margin=&raquo;|0px||10px|false|false&raquo; image_icon_custom_padding=&raquo;|0px|||false|false&raquo; max_height=&raquo;25px&raquo; custom_margin=&raquo;0px||12px||false|false&raquo; custom_margin_tablet=&raquo;0px||12px||false|false&raquo; custom_margin_phone=&raquo;0px||12px||false|false&raquo; custom_margin_last_edited=&raquo;on|tablet&raquo; custom_padding=&raquo;||0px||false|false&raquo; link_option_url=&raquo;@ET-DC@eyJkeW5hbWljIjp0cnVlLCJjb250ZW50IjoicG9zdF9saW5rX3VybF9hdHRhY2htZW50Iiwic2V0dGluZ3MiOnsicG9zdF9pZCI6IjQ5NyJ9fQ==@&raquo; link_option_url_new_window=&raquo;on&raquo; hover_enabled=&raquo;0&#8243; custom_css_blurb_content=&raquo;display: flex;||flex-direction: row-reverse;&raquo; border_width_bottom=&raquo;1px&raquo; border_color_bottom=&raquo;#cccccc&raquo; global_colors_info=&raquo;{}&raquo; custom_css_blurb_image_last_edited=&raquo;on|phone&raquo; custom_css_blurb_image_tablet=&raquo;margin-right: -32px;&raquo; custom_css_blurb_image_phone=&raquo;margin-right: 0px;&raquo; _dynamic_attributes=&raquo;link_option_url&raquo; url_new_window=&raquo;on&raquo; sticky_enabled=&raquo;0&#8243;]<\/p>\n<p>MaqConveyors Catalogue_EN<\/p>\n<p>[\/et_pb_blurb][et_pb_blurb use_icon=&raquo;on&raquo; font_icon=&raquo;&#xe092;||divi||400&#8243; image_icon_background_color=&raquo;RGBA(255,255,255,0)&raquo; icon_placement=&raquo;left&raquo; image_icon_width=&raquo;15px&raquo; content_max_width=&raquo;100%&raquo; _builder_version=&raquo;4.25.0&#8243; _module_preset=&raquo;default&raquo; body_font=&raquo;||||||||&raquo; body_line_height=&raquo;1.1em&raquo; image_icon_custom_margin=&raquo;|0px||10px|false|false&raquo; image_icon_custom_padding=&raquo;|0px|||false|false&raquo; height_tablet=&raquo;25px&raquo; height_phone=&raquo;25px&raquo; height_last_edited=&raquo;on|tablet&raquo; max_height=&raquo;25px&raquo; max_height_tablet=&raquo;25px&raquo; max_height_phone=&raquo;25px&raquo; max_height_last_edited=&raquo;on|phone&raquo; custom_margin=&raquo;0px||12px||false|false&raquo; custom_padding=&raquo;||0px||false|false&raquo; link_option_url=&raquo;@ET-DC@eyJkeW5hbWljIjp0cnVlLCJjb250ZW50IjoicG9zdF9saW5rX3VybF9hdHRhY2htZW50Iiwic2V0dGluZ3MiOnsicG9zdF9pZCI6IjQ5NSJ9fQ==@&raquo; link_option_url_new_window=&raquo;on&raquo; hover_enabled=&raquo;0&#8243; body_text_align_tablet=&raquo;&raquo; body_text_align_phone=&raquo;right&raquo; body_text_align_last_edited=&raquo;on|phone&raquo; custom_css_blurb_content=&raquo;display: flex;||flex-direction: row-reverse;&raquo; border_width_bottom=&raquo;1px&raquo; border_color_bottom=&raquo;#cccccc&raquo; global_colors_info=&raquo;{}&raquo; custom_css_blurb_image_last_edited=&raquo;on|phone&raquo; _dynamic_attributes=&raquo;link_option_url&raquo; url_new_window=&raquo;on&raquo; sticky_enabled=&raquo;0&#8243;]<\/p>\n<p>3D Model &#8211; Conveyor reversible tripper<\/p>\n<p>[\/et_pb_blurb][et_pb_blurb use_icon=&raquo;on&raquo; font_icon=&raquo;&#xe092;||divi||400&#8243; image_icon_background_color=&raquo;RGBA(255,255,255,0)&raquo; icon_placement=&raquo;left&raquo; image_icon_width=&raquo;15px&raquo; content_max_width=&raquo;100%&raquo; _builder_version=&raquo;4.25.0&#8243; _module_preset=&raquo;default&raquo; body_font=&raquo;||||||||&raquo; body_line_height=&raquo;1.1em&raquo; image_icon_custom_margin=&raquo;|0px||10px|false|false&raquo; image_icon_custom_padding=&raquo;|0px|||false|false&raquo; max_height=&raquo;25px&raquo; custom_margin=&raquo;0px||12px||false|false&raquo; custom_padding=&raquo;||0px||false|false&raquo; link_option_url=&raquo;@ET-DC@eyJkeW5hbWljIjp0cnVlLCJjb250ZW50IjoicG9zdF9saW5rX3VybF9hdHRhY2htZW50Iiwic2V0dGluZ3MiOnsicG9zdF9pZCI6IjQ5OCJ9fQ==@&raquo; link_option_url_new_window=&raquo;on&raquo; hover_enabled=&raquo;0&#8243; custom_css_blurb_content=&raquo;display: flex;||flex-direction: row-reverse;&raquo; border_width_bottom=&raquo;1px&raquo; border_color_bottom=&raquo;#cccccc&raquo; global_colors_info=&raquo;{}&raquo; custom_css_blurb_image_last_edited=&raquo;on|phone&raquo; _dynamic_attributes=&raquo;link_option_url&raquo; url_new_window=&raquo;on&raquo; sticky_enabled=&raquo;0&#8243;]<\/p>\n<p>3D Modell av transport\u00f8r<\/p>\n<p>[\/et_pb_blurb][\/et_pb_column][\/et_pb_row][\/et_pb_section][et_pb_section fb_built=&raquo;1&#8243; custom_padding_last_edited=&raquo;on|phone&raquo; _builder_version=&raquo;4.25.0&#8243; _module_preset=&raquo;default&raquo; background_color=&raquo;#F4F4F4&#8243; custom_padding=&raquo;8vh||8vh||true|false&raquo; custom_padding_tablet=&raquo;7vh||||false|false&raquo; custom_padding_phone=&raquo;6vh||7vh||false|false&raquo; global_colors_info=&raquo;{}&raquo;][et_pb_row column_structure=&raquo;3_5,2_5&#8243; use_custom_gutter=&raquo;on&raquo; gutter_width=&raquo;2&#8243; _builder_version=&raquo;4.24.3&#8243; _module_preset=&raquo;default&raquo; custom_padding=&raquo;0px|||||&raquo; global_colors_info=&raquo;{}&raquo;][et_pb_column type=&raquo;3_5&#8243; _builder_version=&raquo;4.24.3&#8243; _module_preset=&raquo;default&raquo; global_colors_info=&raquo;{}&raquo;][et_pb_text _builder_version=&raquo;4.24.3&#8243; _module_preset=&raquo;default&raquo; text_font=&raquo;|700|||||||&raquo; text_text_color=&raquo;#222222&#8243; text_font_size=&raquo;40px&raquo; text_line_height=&raquo;1.6em&raquo; header_font=&raquo;|700||on|||||&raquo; header_text_color=&raquo;#333333&#8243; header_font_size=&raquo;50px&raquo; header_line_height=&raquo;1.2em&raquo; header_2_font=&raquo;Poppins|700||on|||||&raquo; header_2_text_color=&raquo;#000000&#8243; header_2_font_size=&raquo;40px&raquo; header_2_line_height=&raquo;1.4em&raquo; header_3_font=&raquo;|700|||||||&raquo; header_3_text_align=&raquo;left&raquo; header_3_font_size=&raquo;35px&raquo; header_3_line_height=&raquo;1.2em&raquo; header_4_font=&raquo;|700|||||||&raquo; header_4_text_align=&raquo;left&raquo; header_4_font_size=&raquo;40px&raquo; header_4_line_height=&raquo;1.2em&raquo; text_orientation=&raquo;center&raquo; custom_margin=&raquo;0px||5px||false|false&raquo; text_font_size_tablet=&raquo;30px&raquo; text_font_size_phone=&raquo;25px&raquo; text_font_size_last_edited=&raquo;on|phone&raquo; text_line_height_tablet=&raquo;1.6em&raquo; text_line_height_phone=&raquo;1.2em&raquo; text_line_height_last_edited=&raquo;on|phone&raquo; header_2_font_size_tablet=&raquo;40px&raquo; header_2_font_size_phone=&raquo;30px&raquo; header_2_font_size_last_edited=&raquo;on|phone&raquo; global_colors_info=&raquo;{}&raquo;]<\/p>\n<h3>Modulsystem av MAQUIARIDOS<span style=\"color: #e94f56;\">.<\/span><\/h3>\n<p>[\/et_pb_text][et_pb_text _builder_version=&raquo;4.24.3&#8243; _module_preset=&raquo;default&raquo; text_font=&raquo;|600|||||||&raquo; text_text_color=&raquo;#333333&#8243; text_font_size=&raquo;20px&raquo; text_line_height=&raquo;1.5em&raquo; max_width=&raquo;720px&raquo; custom_margin=&raquo;||14px|||&raquo; global_colors_info=&raquo;{}&raquo;]<\/p>\n<p>Om en \u00f8nsker endringer som en kortere eller lengre transport\u00f8r er det bare \u00e5 legge til eller ta ut en seksjon av modulsystemet.<\/p>\n<p>[\/et_pb_text][et_pb_text _builder_version=&raquo;4.24.3&#8243; _module_preset=&raquo;default&raquo; text_font=&raquo;||||||||&raquo; text_text_color=&raquo;#333333&#8243; text_line_height=&raquo;1.6em&raquo; max_width=&raquo;750px&raquo; custom_margin=&raquo;||20px||false|false&raquo; global_colors_info=&raquo;{}&raquo;]\u00d8nsker en \u00e5 legge til for eksempel gangbaner, avkaster, rotasjon sensor, service plattform, underst\u00f8ttelse eller overdekningslokk p\u00e5 en transport\u00f8r som allerede er i bruk, s\u00e5 har transport\u00f8r modulene allerede hullbilder og festepunkter for dette\u2026.Du slipper \u00e5 bytte ut hele transport\u00f8ren.<\/p>\n<p>Maquiaridos S.L. har som sin hoved aktivitet produksjon av transportb\u00e5nd og har i 2016 innledet et samarbeid med Aanestad Service i Stavanger som forhandler av MAQconveyor i Norge .<\/p>\n<p>Produksjonslokalene til Maquaridos ligger i Oropesa, Toledo ca 1,5 timer kj\u00f8ring fra Madrid. Her har Maquaridos et tomteareal p\u00e5 55000 kvadratmeter hvor av 4450 kvadratmeter er produksjonslokale. De resterende 50000 er lager for modultransport\u00f8ren.[\/et_pb_text][\/et_pb_column][et_pb_column type=&raquo;2_5&#8243; _builder_version=&raquo;4.24.3&#8243; _module_preset=&raquo;default&raquo; global_colors_info=&raquo;{}&raquo;][et_pb_video src=&raquo;https:\/\/youtu.be\/DcAByGNvZfM?si=xp-aCXTsWLGlrHYT&raquo; _builder_version=&raquo;4.25.0&#8243; _module_preset=&raquo;default&raquo; custom_margin=&raquo;||0px||false|false&raquo; custom_padding=&raquo;20px||25px||false|false&raquo; global_colors_info=&raquo;{}&raquo;][\/et_pb_video][et_pb_text _builder_version=&raquo;4.24.3&#8243; _module_preset=&raquo;default&raquo; text_line_height=&raquo;1.6em&raquo; text_orientation=&raquo;right&raquo; max_width=&raquo;65%&raquo; module_alignment=&raquo;right&raquo; global_colors_info=&raquo;{}&raquo;]<\/p>\n<p>Klikk p\u00e5 YouTube lenken ovenfor, for en detaljert beskrivelse av tilbeh\u00f8r til modultransport\u00f8ren.<\/p>\n<p>[\/et_pb_text][\/et_pb_column][\/et_pb_row][\/et_pb_section]<\/p>\n","protected":false},"excerpt":{"rendered":"<p>MAQ Conveyors.Maquiaridos S.L. har som sin hoved aktivitet produksjon av transportb\u00e5nd og har i 2016 innledet et samarbeid med Aanestad Service i Stavanger som forhandler av MAQconveyor i Norge.MAQUIARIDOS.Maquiaridos S.L. har som sin hoved aktivitet produksjon av transportb\u00e5nd og har i 2016 innledet et samarbeid med Aanestad Service i Stavanger som forhandler av MAQconveyor i [&hellip;]<\/p>\n","protected":false},"author":1,"featured_media":0,"parent":32,"menu_order":0,"comment_status":"closed","ping_status":"closed","template":"","meta":{"_et_pb_use_builder":"on","_et_pb_old_content":"<!-- wp:divi\/placeholder \/-->","_et_gb_content_width":"","footnotes":""},"dipi_cpt_category":[],"class_list":["post-320","page","type-page","status-publish","hentry"],"yoast_head":"<!-- This site is optimized with the Yoast SEO plugin v27.2 - https:\/\/yoast.com\/product\/yoast-seo-wordpress\/ -->\n<title>MAQ Conveyors - Aanestad Service<\/title>\n<meta name=\"robots\" content=\"index, follow, max-snippet:-1, max-image-preview:large, max-video-preview:-1\" \/>\n<link rel=\"canonical\" href=\"https:\/\/aanestad-service.no\/en\/leverandorer\/maq-conveyors\/\" \/>\n<meta property=\"og:locale\" content=\"en_US\" \/>\n<meta property=\"og:type\" content=\"article\" \/>\n<meta property=\"og:title\" content=\"MAQ Conveyors - Aanestad Service\" \/>\n<meta property=\"og:description\" content=\"MAQ Conveyors.Maquiaridos S.L. har som sin hoved aktivitet produksjon av transportb\u00e5nd og har i 2016 innledet et samarbeid med Aanestad Service i Stavanger som forhandler av MAQconveyor i Norge.MAQUIARIDOS.Maquiaridos S.L. har som sin hoved aktivitet produksjon av transportb\u00e5nd og har i 2016 innledet et samarbeid med Aanestad Service i Stavanger som forhandler av MAQconveyor i [&hellip;]\" \/>\n<meta property=\"og:url\" content=\"https:\/\/aanestad-service.no\/en\/leverandorer\/maq-conveyors\/\" \/>\n<meta property=\"og:site_name\" content=\"Aanestad Service\" \/>\n<meta property=\"article:modified_time\" content=\"2024-06-18T11:00:38+00:00\" \/>\n<meta name=\"twitter:card\" content=\"summary_large_image\" \/>\n<meta name=\"twitter:label1\" content=\"Est. reading time\" \/>\n\t<meta name=\"twitter:data1\" content=\"10 minutes\" \/>\n<script type=\"application\/ld+json\" class=\"yoast-schema-graph\">{\"@context\":\"https:\/\/schema.org\",\"@graph\":[{\"@type\":\"WebPage\",\"@id\":\"https:\/\/aanestad-service.no\/leverandorer\/maq-conveyors\/\",\"url\":\"https:\/\/aanestad-service.no\/leverandorer\/maq-conveyors\/\",\"name\":\"MAQ Conveyors - Aanestad Service\",\"isPartOf\":{\"@id\":\"https:\/\/aanestad-service.no\/#website\"},\"datePublished\":\"2024-04-09T14:33:43+00:00\",\"dateModified\":\"2024-06-18T11:00:38+00:00\",\"breadcrumb\":{\"@id\":\"https:\/\/aanestad-service.no\/leverandorer\/maq-conveyors\/#breadcrumb\"},\"inLanguage\":\"en-US\",\"potentialAction\":[{\"@type\":\"ReadAction\",\"target\":[\"https:\/\/aanestad-service.no\/leverandorer\/maq-conveyors\/\"]}]},{\"@type\":\"BreadcrumbList\",\"@id\":\"https:\/\/aanestad-service.no\/leverandorer\/maq-conveyors\/#breadcrumb\",\"itemListElement\":[{\"@type\":\"ListItem\",\"position\":1,\"name\":\"Hjem\",\"item\":\"https:\/\/aanestad-service.no\/\"},{\"@type\":\"ListItem\",\"position\":2,\"name\":\"Leverand\u00f8rer\",\"item\":\"https:\/\/aanestad-service.no\/leverandorer\/\"},{\"@type\":\"ListItem\",\"position\":3,\"name\":\"MAQ Conveyors\"}]},{\"@type\":\"WebSite\",\"@id\":\"https:\/\/aanestad-service.no\/#website\",\"url\":\"https:\/\/aanestad-service.no\/\",\"name\":\"Aanestad Service\",\"description\":\"Best p\u00e5 vulking og transportb\u00e5nd!\",\"potentialAction\":[{\"@type\":\"SearchAction\",\"target\":{\"@type\":\"EntryPoint\",\"urlTemplate\":\"https:\/\/aanestad-service.no\/?s={search_term_string}\"},\"query-input\":{\"@type\":\"PropertyValueSpecification\",\"valueRequired\":true,\"valueName\":\"search_term_string\"}}],\"inLanguage\":\"en-US\"}]}<\/script>\n<!-- \/ Yoast SEO plugin. -->","yoast_head_json":{"title":"MAQ Conveyors - Aanestad Service","robots":{"index":"index","follow":"follow","max-snippet":"max-snippet:-1","max-image-preview":"max-image-preview:large","max-video-preview":"max-video-preview:-1"},"canonical":"https:\/\/aanestad-service.no\/en\/leverandorer\/maq-conveyors\/","og_locale":"en_US","og_type":"article","og_title":"MAQ Conveyors - Aanestad Service","og_description":"MAQ Conveyors.Maquiaridos S.L. har som sin hoved aktivitet produksjon av transportb\u00e5nd og har i 2016 innledet et samarbeid med Aanestad Service i Stavanger som forhandler av MAQconveyor i Norge.MAQUIARIDOS.Maquiaridos S.L. har som sin hoved aktivitet produksjon av transportb\u00e5nd og har i 2016 innledet et samarbeid med Aanestad Service i Stavanger som forhandler av MAQconveyor i [&hellip;]","og_url":"https:\/\/aanestad-service.no\/en\/leverandorer\/maq-conveyors\/","og_site_name":"Aanestad Service","article_modified_time":"2024-06-18T11:00:38+00:00","twitter_card":"summary_large_image","twitter_misc":{"Est. reading time":"10 minutes"},"schema":{"@context":"https:\/\/schema.org","@graph":[{"@type":"WebPage","@id":"https:\/\/aanestad-service.no\/leverandorer\/maq-conveyors\/","url":"https:\/\/aanestad-service.no\/leverandorer\/maq-conveyors\/","name":"MAQ Conveyors - Aanestad Service","isPartOf":{"@id":"https:\/\/aanestad-service.no\/#website"},"datePublished":"2024-04-09T14:33:43+00:00","dateModified":"2024-06-18T11:00:38+00:00","breadcrumb":{"@id":"https:\/\/aanestad-service.no\/leverandorer\/maq-conveyors\/#breadcrumb"},"inLanguage":"en-US","potentialAction":[{"@type":"ReadAction","target":["https:\/\/aanestad-service.no\/leverandorer\/maq-conveyors\/"]}]},{"@type":"BreadcrumbList","@id":"https:\/\/aanestad-service.no\/leverandorer\/maq-conveyors\/#breadcrumb","itemListElement":[{"@type":"ListItem","position":1,"name":"Hjem","item":"https:\/\/aanestad-service.no\/"},{"@type":"ListItem","position":2,"name":"Leverand\u00f8rer","item":"https:\/\/aanestad-service.no\/leverandorer\/"},{"@type":"ListItem","position":3,"name":"MAQ Conveyors"}]},{"@type":"WebSite","@id":"https:\/\/aanestad-service.no\/#website","url":"https:\/\/aanestad-service.no\/","name":"Aanestad Service","description":"Best in vulcanization and conveyor belts!","potentialAction":[{"@type":"SearchAction","target":{"@type":"EntryPoint","urlTemplate":"https:\/\/aanestad-service.no\/?s={search_term_string}"},"query-input":{"@type":"PropertyValueSpecification","valueRequired":true,"valueName":"search_term_string"}}],"inLanguage":"en-US"}]}},"_links":{"self":[{"href":"https:\/\/aanestad-service.no\/en\/wp-json\/wp\/v2\/pages\/320","targetHints":{"allow":["GET"]}}],"collection":[{"href":"https:\/\/aanestad-service.no\/en\/wp-json\/wp\/v2\/pages"}],"about":[{"href":"https:\/\/aanestad-service.no\/en\/wp-json\/wp\/v2\/types\/page"}],"author":[{"embeddable":true,"href":"https:\/\/aanestad-service.no\/en\/wp-json\/wp\/v2\/users\/1"}],"replies":[{"embeddable":true,"href":"https:\/\/aanestad-service.no\/en\/wp-json\/wp\/v2\/comments?post=320"}],"version-history":[{"count":0,"href":"https:\/\/aanestad-service.no\/en\/wp-json\/wp\/v2\/pages\/320\/revisions"}],"up":[{"embeddable":true,"href":"https:\/\/aanestad-service.no\/en\/wp-json\/wp\/v2\/pages\/32"}],"wp:attachment":[{"href":"https:\/\/aanestad-service.no\/en\/wp-json\/wp\/v2\/media?parent=320"}],"wp:term":[{"taxonomy":"dipi_cpt_category","embeddable":true,"href":"https:\/\/aanestad-service.no\/en\/wp-json\/wp\/v2\/dipi_cpt_category?post=320"}],"curies":[{"name":"wp","href":"https:\/\/api.w.org\/{rel}","templated":true}]}}