{"id":367,"date":"2024-04-10T11:17:33","date_gmt":"2024-04-10T09:17:33","guid":{"rendered":"http:\/\/aanestad-service.no\/?page_id=367"},"modified":"2024-06-18T13:14:56","modified_gmt":"2024-06-18T11:14:56","slug":"flexco","status":"publish","type":"page","link":"https:\/\/aanestad-service.no\/en\/produkter\/bandskrapere\/flexco\/","title":{"rendered":"Flexco"},"content":{"rendered":"<p>[et_pb_section fb_built=&raquo;1&#8243; custom_padding_last_edited=&raquo;on|phone&raquo; _builder_version=&raquo;4.25.0&#8243; _module_preset=&raquo;default&raquo; background_color=&raquo;rgba(0,0,0,0.6)&raquo; background_color_gradient_direction=&raquo;60deg&raquo; background_color_gradient_start=&raquo;#192332&#8243; background_color_gradient_end=&raquo;rgba(0,0,0,0)&raquo; background_image=&raquo;http:\/\/aanestad-service.no\/wp-content\/uploads\/2024\/04\/Hero.jpg&raquo; background_blend=&raquo;overlay&raquo; custom_padding=&raquo;0px||0px||false|false&raquo; custom_padding_tablet=&raquo;||||false|false&raquo; custom_padding_phone=&raquo;0px||0px||false|false&raquo; global_colors_info=&raquo;{}&raquo;][et_pb_row make_equal=&raquo;on&raquo; custom_padding_last_edited=&raquo;on|phone&raquo; _builder_version=&raquo;4.25.0&#8243; _module_preset=&raquo;default&raquo; width=&raquo;100%&raquo; max_width=&raquo;100%&raquo; custom_margin=&raquo;||||false|false&raquo; custom_padding=&raquo;20vh||20vh|23vw|true|false&raquo; custom_padding_tablet=&raquo;8vh||9vh|10vw|false|false&raquo; custom_padding_phone=&raquo;8vh||6vh||false|false&raquo; hover_enabled=&raquo;0&#8243; global_colors_info=&raquo;{}&raquo; sticky_enabled=&raquo;0&#8243;][et_pb_column type=&raquo;4_4&#8243; _builder_version=&raquo;4.16&#8243; _module_preset=&raquo;default&raquo; global_colors_info=&raquo;{}&raquo;][et_pb_text _builder_version=&raquo;4.25.0&#8243; _module_preset=&raquo;default&raquo; text_font=&raquo;|700|||||||&raquo; text_text_color=&raquo;#222222&#8243; text_font_size=&raquo;40px&raquo; text_line_height=&raquo;1.6em&raquo; header_font=&raquo;|700|||||||&raquo; header_text_align=&raquo;left&raquo; header_text_color=&raquo;#FFFFFF&raquo; header_font_size=&raquo;50px&raquo; header_line_height=&raquo;1.2em&raquo; header_2_font=&raquo;Poppins|700||on|||||&raquo; header_2_text_color=&raquo;#000000&#8243; header_2_font_size=&raquo;40px&raquo; header_2_line_height=&raquo;1.4em&raquo; header_3_font=&raquo;|700|||||||&raquo; header_3_text_align=&raquo;left&raquo; header_3_font_size=&raquo;35px&raquo; header_3_line_height=&raquo;1.2em&raquo; header_4_font=&raquo;|700|||||||&raquo; header_4_text_align=&raquo;left&raquo; header_4_font_size=&raquo;40px&raquo; header_4_line_height=&raquo;1.2em&raquo; text_orientation=&raquo;center&raquo; max_width=&raquo;40%&raquo; max_width_tablet=&raquo;92%&raquo; max_width_phone=&raquo;95%&raquo; max_width_last_edited=&raquo;on|phone&raquo; custom_margin=&raquo;0px||5px||false|false&raquo; text_font_size_tablet=&raquo;30px&raquo; text_font_size_phone=&raquo;25px&raquo; text_font_size_last_edited=&raquo;on|phone&raquo; text_line_height_tablet=&raquo;1.6em&raquo; text_line_height_phone=&raquo;1.2em&raquo; text_line_height_last_edited=&raquo;on|phone&raquo; header_font_size_tablet=&raquo;40px&raquo; header_font_size_phone=&raquo;24px&raquo; header_font_size_last_edited=&raquo;on|tablet&raquo; header_line_height_tablet=&raquo;1.2em&raquo; header_line_height_phone=&raquo;1.3em&raquo; header_line_height_last_edited=&raquo;on|phone&raquo; header_2_font_size_tablet=&raquo;40px&raquo; header_2_font_size_phone=&raquo;30px&raquo; header_2_font_size_last_edited=&raquo;on|phone&raquo; global_colors_info=&raquo;{}&raquo;]<\/p>\n<h1>FLEXCO er best kjent for utstyr og tilbeh\u00f8r til transportb\u00e5nd, men er s\u00e5 mye mer<span style=\"color: #e94f56;\">.<\/span><\/h1>\n<p>[\/et_pb_text][et_pb_text _builder_version=&raquo;4.25.0&#8243; _module_preset=&raquo;default&raquo; text_font=&raquo;|600|||||||&raquo; text_text_color=&raquo;rgba(255,255,255,0.9)&raquo; text_font_size=&raquo;18px&raquo; text_line_height=&raquo;1.5em&raquo; max_width=&raquo;40%&raquo; max_width_tablet=&raquo;85%&raquo; max_width_phone=&raquo;95%&raquo; max_width_last_edited=&raquo;on|phone&raquo; custom_margin=&raquo;||30px||false|false&raquo; global_colors_info=&raquo;{}&raquo;]<\/p>\n<p>Flexco ble grunnlagt i 1907 og har v\u00e6rt i bransjen i mer enn 100 \u00e5r. Som en ledende produsent av transport\u00f8r tilbeh\u00f8r siden 1907, har Flexco tilegnet seg erfaring og forst\u00e5else av hvor viktig rolle b\u00e5ndtransport\u00f8rer spiller for produktiviteten.<\/p>\n<p>[\/et_pb_text][\/et_pb_column][\/et_pb_row][\/et_pb_section][et_pb_section fb_built=&raquo;1&#8243; custom_padding_last_edited=&raquo;on|phone&raquo; _builder_version=&raquo;4.25.0&#8243; _module_preset=&raquo;default&raquo; background_color=&raquo;#FFFFFF&raquo; custom_padding=&raquo;8vh||8vh||true|false&raquo; custom_padding_tablet=&raquo;7vh||8vh||false|false&raquo; custom_padding_phone=&raquo;6vh||7vh||false|false&raquo; global_colors_info=&raquo;{}&raquo;][et_pb_row column_structure=&raquo;3_5,2_5&#8243; use_custom_gutter=&raquo;on&raquo; _builder_version=&raquo;4.24.3&#8243; _module_preset=&raquo;default&raquo; custom_padding=&raquo;0px||0px|||&raquo; global_colors_info=&raquo;{}&raquo;][et_pb_column type=&raquo;3_5&#8243; _builder_version=&raquo;4.24.3&#8243; _module_preset=&raquo;default&raquo; global_colors_info=&raquo;{}&raquo;][et_pb_text _builder_version=&raquo;4.24.3&#8243; _module_preset=&raquo;default&raquo; text_font=&raquo;Poppins|700||on|||||&raquo; text_text_color=&raquo;#FFFFFF&raquo; text_font_size=&raquo;55px&raquo; text_line_height=&raquo;1.5em&raquo; header_2_font=&raquo;|700|||||||&raquo; header_2_text_color=&raquo;#222222&#8243; header_2_font_size=&raquo;45px&raquo; max_width=&raquo;100%&raquo; module_alignment=&raquo;left&raquo; custom_margin=&raquo;||0px||false|false&raquo; custom_padding=&raquo;||5px||false|false&raquo; text_font_size_tablet=&raquo;55px&raquo; text_font_size_phone=&raquo;35px&raquo; text_font_size_last_edited=&raquo;on|phone&raquo; global_colors_info=&raquo;{}&raquo;]<\/p>\n<h2>FLEXCO<span style=\"color: #e94f56;\">.<\/span><\/h2>\n<p>[\/et_pb_text][et_pb_text _builder_version=&raquo;4.25.0&#8243; _module_preset=&raquo;default&raquo; text_font=&raquo;|600|||||||&raquo; text_text_color=&raquo;#333333&#8243; text_font_size=&raquo;20px&raquo; text_line_height=&raquo;1.5em&raquo; max_width=&raquo;720px&raquo; custom_margin=&raquo;||14px|||&raquo; text_font_size_tablet=&raquo;20px&raquo; text_font_size_phone=&raquo;18px&raquo; text_font_size_last_edited=&raquo;on|phone&raquo; global_colors_info=&raquo;{}&raquo;]<\/p>\n<p>Gjennom alle \u00e5r har Flexco`s unike utstyr og tilbeh\u00f8r v\u00e6rt det eneste produktet som er brukt for \u00e5 reparere skader eller skj\u00f8te belter mekanisk. Flexco har s\u00e5 mange produkter som n\u00e5 er lett tilgjengelig.<\/p>\n<p>[\/et_pb_text][et_pb_text _builder_version=&raquo;4.24.3&#8243; _module_preset=&raquo;default&raquo; text_font=&raquo;||||||||&raquo; text_text_color=&raquo;#333333&#8243; text_line_height=&raquo;1.6em&raquo; max_width=&raquo;95%&raquo; custom_margin=&raquo;||0px||false|false&raquo; custom_padding=&raquo;||25px||false|false&raquo; global_colors_info=&raquo;{}&raquo;]<\/p>\n<p>Som en ledende produsent av transport\u00f8r tilbeh\u00f8r siden etableringen av Flexco i 1907, har Flexco tilegnet seg mer en 100\u00e5r med erfaring og forst\u00e5else for hvor viktig rolle b\u00e5ndtransport\u00f8rer spiller for produktiviteten. Derfor jobbes det intenst med \u00e5 gj\u00f8re transport\u00f8ren enda mer produktiv, gjennom en kombinasjon av f\u00f8rsteklasses komponenter \/ produkter, gode r\u00e5d og trening.<\/p>\n<p>Flexco har mer enn 800 ansatte p\u00e5 verdensbasis. Hovedkontoret ligger i Downers Grove, U.S.A. Flexco`s globale virksomhet gjennom datterselskaper i Australia, Chile, Kina, Tyskland, India, Mexico, Singapore, S\u00f8r-Afrika, og Storbritannia.<\/p>\n<p>Produkt distribusjon: Mer enn 100 land over hele verden.<\/p>\n<p>Selskapet er i stadig vekst og fortsetter fokuset p\u00e5 utvikling av kvalitetsprodukter for \u00e5 m\u00f8te dine behov for Flexco produkter.<\/p>\n<p>[\/et_pb_text][et_pb_blurb use_icon=&raquo;on&raquo; font_icon=&raquo;&#x45;||divi||400&#8243; image_icon_background_color=&raquo;RGBA(255,255,255,0)&raquo; icon_placement=&raquo;left&raquo; image_icon_width=&raquo;22px&raquo; content_max_width=&raquo;100%&raquo; _builder_version=&raquo;4.25.0&#8243; _dynamic_attributes=&raquo;link_option_url&raquo; _module_preset=&raquo;default&raquo; body_font=&raquo;|700|||||||&raquo; body_font_size=&raquo;17px&raquo; body_line_height=&raquo;1.4em&raquo; image_icon_custom_margin=&raquo;|0px||10px|false|false&raquo; image_icon_custom_padding=&raquo;|0px|||false|false&raquo; module_alignment=&raquo;left&raquo; link_option_url=&raquo;@ET-DC@eyJkeW5hbWljIjp0cnVlLCJjb250ZW50IjoicG9zdF9saW5rX3VybF9wYWdlIiwic2V0dGluZ3MiOnsicG9zdF9pZCI6IjMyIn19@&raquo; body_font_size_tablet=&raquo;17px&raquo; body_font_size_phone=&raquo;17px&raquo; body_font_size_last_edited=&raquo;on|phone&raquo; global_colors_info=&raquo;{}&raquo;]<\/p>\n<p>Se alle v\u00e5re leverand\u00f8rer<\/p>\n<p>[\/et_pb_blurb][\/et_pb_column][et_pb_column type=&raquo;2_5&#8243; _builder_version=&raquo;4.24.3&#8243; _module_preset=&raquo;default&raquo; global_colors_info=&raquo;{}&raquo;][dipi_tilt_image image=&raquo;http:\/\/aanestad-service.no\/wp-content\/uploads\/2024\/04\/B-forside.jpg&raquo; titl_image_box_height=&raquo;100%&raquo; tilt_max=&raquo;3&#8243; disabled_on=&raquo;on|on|off&raquo; _builder_version=&raquo;4.25.0&#8243; _module_preset=&raquo;default&raquo; module_alignment=&raquo;right&raquo; custom_margin=&raquo;0px||0px||false|false&raquo; custom_padding=&raquo;||35px||false|false&raquo; global_colors_info=&raquo;{}&raquo;][\/dipi_tilt_image][et_pb_blurb image_icon_background_color=&raquo;RGBA(255,255,255,0)&raquo; image_icon_width=&raquo;21px&raquo; _builder_version=&raquo;4.24.3&#8243; _module_preset=&raquo;default&raquo; body_text_align=&raquo;left&raquo; body_text_color=&raquo;#333333&#8243; body_font_size=&raquo;15px&raquo; body_line_height=&raquo;1.6em&raquo; image_icon_custom_margin=&raquo;||||false|false&raquo; image_icon_custom_padding=&raquo;||||false|false&raquo; custom_padding=&raquo;30px|30px|30px|30px|false|true&raquo; border_width_all=&raquo;1px&raquo; border_color_all=&raquo;#E3132F&raquo; locked=&raquo;off&raquo; global_colors_info=&raquo;{}&raquo;]Flexco strekker seg verden over og har mer enn 800 ansatte p\u00e5 verdensbasis, samt distribusjon av produkter til mer enn 100 land over hele verden.[\/et_pb_blurb][\/et_pb_column][\/et_pb_row][\/et_pb_section]<\/p>\n","protected":false},"excerpt":{"rendered":"<p>FLEXCO er best kjent for utstyr og tilbeh\u00f8r til transportb\u00e5nd, men er s\u00e5 mye mer.Flexco ble grunnlagt i 1907 og har v\u00e6rt i bransjen i mer enn 100 \u00e5r. Som en ledende produsent av transport\u00f8r tilbeh\u00f8r siden 1907, har Flexco tilegnet seg erfaring og forst\u00e5else av hvor viktig rolle b\u00e5ndtransport\u00f8rer spiller for produktiviteten.FLEXCO.Gjennom alle \u00e5r [&hellip;]<\/p>\n","protected":false},"author":1,"featured_media":0,"parent":131,"menu_order":0,"comment_status":"closed","ping_status":"closed","template":"","meta":{"_et_pb_use_builder":"on","_et_pb_old_content":"<!-- wp:divi\/placeholder \/-->","_et_gb_content_width":"","footnotes":""},"dipi_cpt_category":[],"class_list":["post-367","page","type-page","status-publish","hentry"],"yoast_head":"<!-- This site is optimized with the Yoast SEO plugin v27.2 - https:\/\/yoast.com\/product\/yoast-seo-wordpress\/ -->\n<title>Flexco - Aanestad Service<\/title>\n<meta name=\"robots\" content=\"index, follow, max-snippet:-1, max-image-preview:large, max-video-preview:-1\" \/>\n<link rel=\"canonical\" href=\"https:\/\/aanestad-service.no\/en\/produkter\/bandskrapere\/flexco\/\" \/>\n<meta property=\"og:locale\" content=\"en_US\" \/>\n<meta property=\"og:type\" content=\"article\" \/>\n<meta property=\"og:title\" content=\"Flexco - Aanestad Service\" \/>\n<meta property=\"og:description\" content=\"FLEXCO er best kjent for utstyr og tilbeh\u00f8r til transportb\u00e5nd, men er s\u00e5 mye mer.Flexco ble grunnlagt i 1907 og har v\u00e6rt i bransjen i mer enn 100 \u00e5r. Som en ledende produsent av transport\u00f8r tilbeh\u00f8r siden 1907, har Flexco tilegnet seg erfaring og forst\u00e5else av hvor viktig rolle b\u00e5ndtransport\u00f8rer spiller for produktiviteten.FLEXCO.Gjennom alle \u00e5r [&hellip;]\" \/>\n<meta property=\"og:url\" content=\"https:\/\/aanestad-service.no\/en\/produkter\/bandskrapere\/flexco\/\" \/>\n<meta property=\"og:site_name\" content=\"Aanestad Service\" \/>\n<meta property=\"article:modified_time\" content=\"2024-06-18T11:14:56+00:00\" \/>\n<meta name=\"twitter:card\" content=\"summary_large_image\" \/>\n<meta name=\"twitter:label1\" content=\"Est. reading time\" \/>\n\t<meta name=\"twitter:data1\" content=\"6 minutes\" \/>\n<script type=\"application\/ld+json\" class=\"yoast-schema-graph\">{\"@context\":\"https:\/\/schema.org\",\"@graph\":[{\"@type\":\"WebPage\",\"@id\":\"https:\/\/aanestad-service.no\/produkter\/bandskrapere\/flexco\/\",\"url\":\"https:\/\/aanestad-service.no\/produkter\/bandskrapere\/flexco\/\",\"name\":\"Flexco - Aanestad Service\",\"isPartOf\":{\"@id\":\"https:\/\/aanestad-service.no\/#website\"},\"datePublished\":\"2024-04-10T09:17:33+00:00\",\"dateModified\":\"2024-06-18T11:14:56+00:00\",\"breadcrumb\":{\"@id\":\"https:\/\/aanestad-service.no\/produkter\/bandskrapere\/flexco\/#breadcrumb\"},\"inLanguage\":\"en-US\",\"potentialAction\":[{\"@type\":\"ReadAction\",\"target\":[\"https:\/\/aanestad-service.no\/produkter\/bandskrapere\/flexco\/\"]}]},{\"@type\":\"BreadcrumbList\",\"@id\":\"https:\/\/aanestad-service.no\/produkter\/bandskrapere\/flexco\/#breadcrumb\",\"itemListElement\":[{\"@type\":\"ListItem\",\"position\":1,\"name\":\"Hjem\",\"item\":\"https:\/\/aanestad-service.no\/\"},{\"@type\":\"ListItem\",\"position\":2,\"name\":\"Produkter\",\"item\":\"https:\/\/aanestad-service.no\/produkter\/\"},{\"@type\":\"ListItem\",\"position\":3,\"name\":\"B\u00e5ndskrapere\",\"item\":\"https:\/\/aanestad-service.no\/produkter\/bandskrapere\/\"},{\"@type\":\"ListItem\",\"position\":4,\"name\":\"Flexco\"}]},{\"@type\":\"WebSite\",\"@id\":\"https:\/\/aanestad-service.no\/#website\",\"url\":\"https:\/\/aanestad-service.no\/\",\"name\":\"Aanestad Service\",\"description\":\"Best p\u00e5 vulking og transportb\u00e5nd!\",\"potentialAction\":[{\"@type\":\"SearchAction\",\"target\":{\"@type\":\"EntryPoint\",\"urlTemplate\":\"https:\/\/aanestad-service.no\/?s={search_term_string}\"},\"query-input\":{\"@type\":\"PropertyValueSpecification\",\"valueRequired\":true,\"valueName\":\"search_term_string\"}}],\"inLanguage\":\"en-US\"}]}<\/script>\n<!-- \/ Yoast SEO plugin. -->","yoast_head_json":{"title":"Flexco - Aanestad Service","robots":{"index":"index","follow":"follow","max-snippet":"max-snippet:-1","max-image-preview":"max-image-preview:large","max-video-preview":"max-video-preview:-1"},"canonical":"https:\/\/aanestad-service.no\/en\/produkter\/bandskrapere\/flexco\/","og_locale":"en_US","og_type":"article","og_title":"Flexco - Aanestad Service","og_description":"FLEXCO er best kjent for utstyr og tilbeh\u00f8r til transportb\u00e5nd, men er s\u00e5 mye mer.Flexco ble grunnlagt i 1907 og har v\u00e6rt i bransjen i mer enn 100 \u00e5r. Som en ledende produsent av transport\u00f8r tilbeh\u00f8r siden 1907, har Flexco tilegnet seg erfaring og forst\u00e5else av hvor viktig rolle b\u00e5ndtransport\u00f8rer spiller for produktiviteten.FLEXCO.Gjennom alle \u00e5r [&hellip;]","og_url":"https:\/\/aanestad-service.no\/en\/produkter\/bandskrapere\/flexco\/","og_site_name":"Aanestad Service","article_modified_time":"2024-06-18T11:14:56+00:00","twitter_card":"summary_large_image","twitter_misc":{"Est. reading time":"6 minutes"},"schema":{"@context":"https:\/\/schema.org","@graph":[{"@type":"WebPage","@id":"https:\/\/aanestad-service.no\/produkter\/bandskrapere\/flexco\/","url":"https:\/\/aanestad-service.no\/produkter\/bandskrapere\/flexco\/","name":"Flexco - Aanestad Service","isPartOf":{"@id":"https:\/\/aanestad-service.no\/#website"},"datePublished":"2024-04-10T09:17:33+00:00","dateModified":"2024-06-18T11:14:56+00:00","breadcrumb":{"@id":"https:\/\/aanestad-service.no\/produkter\/bandskrapere\/flexco\/#breadcrumb"},"inLanguage":"en-US","potentialAction":[{"@type":"ReadAction","target":["https:\/\/aanestad-service.no\/produkter\/bandskrapere\/flexco\/"]}]},{"@type":"BreadcrumbList","@id":"https:\/\/aanestad-service.no\/produkter\/bandskrapere\/flexco\/#breadcrumb","itemListElement":[{"@type":"ListItem","position":1,"name":"Hjem","item":"https:\/\/aanestad-service.no\/"},{"@type":"ListItem","position":2,"name":"Produkter","item":"https:\/\/aanestad-service.no\/produkter\/"},{"@type":"ListItem","position":3,"name":"B\u00e5ndskrapere","item":"https:\/\/aanestad-service.no\/produkter\/bandskrapere\/"},{"@type":"ListItem","position":4,"name":"Flexco"}]},{"@type":"WebSite","@id":"https:\/\/aanestad-service.no\/#website","url":"https:\/\/aanestad-service.no\/","name":"Aanestad Service","description":"Best in vulcanization and conveyor belts!","potentialAction":[{"@type":"SearchAction","target":{"@type":"EntryPoint","urlTemplate":"https:\/\/aanestad-service.no\/?s={search_term_string}"},"query-input":{"@type":"PropertyValueSpecification","valueRequired":true,"valueName":"search_term_string"}}],"inLanguage":"en-US"}]}},"_links":{"self":[{"href":"https:\/\/aanestad-service.no\/en\/wp-json\/wp\/v2\/pages\/367","targetHints":{"allow":["GET"]}}],"collection":[{"href":"https:\/\/aanestad-service.no\/en\/wp-json\/wp\/v2\/pages"}],"about":[{"href":"https:\/\/aanestad-service.no\/en\/wp-json\/wp\/v2\/types\/page"}],"author":[{"embeddable":true,"href":"https:\/\/aanestad-service.no\/en\/wp-json\/wp\/v2\/users\/1"}],"replies":[{"embeddable":true,"href":"https:\/\/aanestad-service.no\/en\/wp-json\/wp\/v2\/comments?post=367"}],"version-history":[{"count":0,"href":"https:\/\/aanestad-service.no\/en\/wp-json\/wp\/v2\/pages\/367\/revisions"}],"up":[{"embeddable":true,"href":"https:\/\/aanestad-service.no\/en\/wp-json\/wp\/v2\/pages\/131"}],"wp:attachment":[{"href":"https:\/\/aanestad-service.no\/en\/wp-json\/wp\/v2\/media?parent=367"}],"wp:term":[{"taxonomy":"dipi_cpt_category","embeddable":true,"href":"https:\/\/aanestad-service.no\/en\/wp-json\/wp\/v2\/dipi_cpt_category?post=367"}],"curies":[{"name":"wp","href":"https:\/\/api.w.org\/{rel}","templated":true}]}}